{"id":596,"date":"2020-12-25T19:28:55","date_gmt":"2020-12-25T19:28:55","guid":{"rendered":"http:\/\/apini.grandem.lv\/iegade\/"},"modified":"2022-09-19T13:40:37","modified_gmt":"2022-09-19T13:40:37","slug":"pokupka","status":"publish","type":"page","link":"https:\/\/apini.lv\/ru\/pokupka\/","title":{"rendered":"\u041f\u043e\u043a\u0443\u043f\u043a\u0430"},"content":{"rendered":"<p style=\"text-align: center;\">Dz\u012bvok\u013ca izv\u0113le un ieg\u0101de ir interesants un pat\u012bkam\u0101m emocij\u0101m bag\u0101ts process. P\u0113c tam, kad izv\u0113le par labu konkr\u0113tam dz\u012bvoklim ir izdar\u012bta, seko vair\u0101ki so\u013ci, lai jaun\u0101 dz\u012bvok\u013ca atsl\u0113gas non\u0101ktu J\u016bsu rok\u0101s: dz\u012bvok\u013ca rezerv\u0101cija, pirkums un atsl\u0113gu sa\u0146em\u0161ana.<\/p>\n<p>&nbsp;<\/p>\n","protected":false},"excerpt":{"rendered":"<p>Dz\u012bvok\u013ca izv\u0113le un ieg\u0101de ir interesants un pat\u012bkam\u0101m emocij\u0101m bag\u0101ts process. P\u0113c tam, kad izv\u0113le par labu konkr\u0113tam dz\u012bvoklim ir izdar\u012bta, seko vair\u0101ki so\u013ci, lai jaun\u0101 dz\u012bvok\u013ca atsl\u0113gas non\u0101ktu J\u016bsu rok\u0101s: dz\u012bvok\u013ca rezerv\u0101cija, pirkums un atsl\u0113gu sa\u0146em\u0161ana. &nbsp;<\/p>\n","protected":false},"author":1,"featured_media":578,"parent":0,"menu_order":33,"comment_status":"closed","ping_status":"closed","template":"purchase.php","meta":{"inline_featured_image":false},"acf":[],"aioseo_notices":[],"_links":{"self":[{"href":"https:\/\/apini.lv\/ru\/wp-json\/wp\/v2\/pages\/596"}],"collection":[{"href":"https:\/\/apini.lv\/ru\/wp-json\/wp\/v2\/pages"}],"about":[{"href":"https:\/\/apini.lv\/ru\/wp-json\/wp\/v2\/types\/page"}],"author":[{"embeddable":true,"href":"https:\/\/apini.lv\/ru\/wp-json\/wp\/v2\/users\/1"}],"replies":[{"embeddable":true,"href":"https:\/\/apini.lv\/ru\/wp-json\/wp\/v2\/comments?post=596"}],"version-history":[{"count":34,"href":"https:\/\/apini.lv\/ru\/wp-json\/wp\/v2\/pages\/596\/revisions"}],"predecessor-version":[{"id":2768,"href":"https:\/\/apini.lv\/ru\/wp-json\/wp\/v2\/pages\/596\/revisions\/2768"}],"wp:featuredmedia":[{"embeddable":true,"href":"https:\/\/apini.lv\/ru\/wp-json\/wp\/v2\/media\/578"}],"wp:attachment":[{"href":"https:\/\/apini.lv\/ru\/wp-json\/wp\/v2\/media?parent=596"}],"curies":[{"name":"wp","href":"https:\/\/api.w.org\/{rel}","templated":true}]}}